{"id":1575,"date":"2020-11-25T15:39:53","date_gmt":"2020-11-25T14:39:53","guid":{"rendered":"http:\/\/awt-betonwerk.de\/wp_1\/?page_id=1575"},"modified":"2021-12-16T13:42:31","modified_gmt":"2021-12-16T12:42:31","slug":"impressum","status":"publish","type":"page","link":"https:\/\/awt-betonwerk.de\/?page_id=1575","title":{"rendered":"Impressum"},"content":{"rendered":"<div class=\"brz-root__container brz-reset-all\">\n<section data-uid=\"jpagdhiocebguokeojkiotnrlfpjmzqehkpx\" id=\"jpagdhiocebguokeojkiotnrlfpjmzqehkpx\" class=\"brz-section brz-css-fcfyt\">\n<div class=\"brz-section__content brz-section--boxed brz-css-whrsv\" data-custom-id=\"duzphcsseglgjpakfkawzjidllomocnqlcrj\">\n<div class=\"brz-container brz-css-onobt\">\n<div class=\"brz-css-vtjia brz-wrapper\">\n<div class=\"brz-rich-text brz-css-dyvmc\" data-custom-id=\"xswdsznohdsfoavbplltdqvfpsniszgvwvdt\">\n<div>\n<p class=\"brz-css-jncvh\">Impressum<\/p>\n<\/div>\n<\/div>\n<\/div>\n<div class=\"brz-css-vtjia brz-css-qnfzf brz-wrapper\">\n<div class=\"brz-line brz-css-ajbgv brz-css-cmcvn\" data-custom-id=\"ybjnsaamsqggkscozdcpniiqfunjukzklcwh\">\n<hr class=\"brz-hr\" \/><\/div>\n<\/div>\n<div class=\"brz-css-vtjia brz-wrapper\">\n<div class=\"brz-rich-text brz-css-dyvmc\" data-custom-id=\"iicqdpguoknanpxdazijzeeajmspqjhvkivr\">\n<div>\n<p class=\"brz-css-ahupq\">AWT Betonwerk GmbH<\/p>\n<p class=\"brz-css-rljlh\">Unter dem Lohfelde 1<\/p>\n<p class=\"brz-css-jxezc\">99510 Ilmtal-Weinstra\u00dfe<\/p>\n<p class=\"brz-css-mdgvu\">OT Niederrei\u00dfen<\/p>\n<p class=\"brz-css-zdoxz\">Deutschland<\/p>\n<p class=\"brz-css-muwco\"><\/p>\n<p class=\"brz-css-guuty\">Telefon: 03 63 73 \u00b7 978-20<\/p>\n<p class=\"brz-css-eugtz\">Fax: 03 63 73 \u00b7 978-50<\/p>\n<p class=\"brz-css-mvvna\">awt-betonwerk@t-online.de<\/p>\n<p class=\"brz-css-qmpze\">Gesch\u00e4ftsf\u00fchrer: Florian G\u00f6pel<\/p>\n<p class=\"brz-css-qwkpn\">Registergericht ist das Amtsgericht Jena, HRB 111381<\/p>\n<p class=\"brz-css-ubiln\">USt-IdNr.: DE 210720744<\/p>\n<p class=\"brz-css-fkypl\"><\/p>\n<p class=\"brz-css-ekykt\">Redaktion: AWT Betonwerk GmbH<\/p>\n<p class=\"brz-css-ubjkc\">Webdesign: F. Seiler<\/p>\n<p class=\"brz-css-afrbh\"><\/p>\n<p class=\"brz-css-fwnde\">Urheberrecht<\/p>\n<p class=\"brz-css-nrcuf\">Das Copyright f\u00fcr ver\u00f6ffentlichte, von der AWT Betonwerk GmbH selbst erstellte Objekte, bleibt allein bei der AWT Betonwerk GmbH. S\u00e4mtliche Inhalte (Texte, Bilder, Grafiken, Ton-, Video- und Animationsdateien sowie deren Anordnung) auf der Webseite der AWT Betonwerk GmbH unterliegen uneingeschr\u00e4nkt den Bestimmungen des jeweiligen Kennzeichen- und Urheberrechts. Die Inhalte sind nur f\u00fcr den bestimmungsgem\u00e4\u00dfen Abruf im Internet frei nutzbar. Eine Vervielf\u00e4ltigung oder Verwendung der genannten Inhalte in anderen elektronischen oder gedruckten Publikationen ist ohne ausdr\u00fcckliche Zustimmung der AWT Betonwerk GmbH nicht gestattet. Inhalte Dritter auf dieser Webseite, die dem Copyright unterliegen, unterliegen ebenfalls den Schutzgesetzen.<\/p>\n<p class=\"brz-css-ppbsm\"><\/p>\n<p class=\"brz-css-rdfrv\"><strong>Gew\u00e4hrleistung<\/strong><\/p>\n<p class=\"brz-css-pskwy\">Wir entwickeln die Inhalte dieser Webseite st\u00e4ndig weiter und bem\u00fchen uns korrekte und aktuelle Informationen bereitzustellen. Eine Garantie f\u00fcr die Vollst\u00e4ndigkeit, Richtigkeit und letzte Aktualit\u00e4t kann jedoch nicht \u00fcbernommen werden. Die auf der Webseite zu findenden Informationen stellt AWT Betonwerk GmbH ohne jegliche Zusicherung oder Gew\u00e4hrleistung jedweder Art, sei sie ausdr\u00fccklich oder stillschweigend, zur Verf\u00fcgung. Jegliche sonstige Haftung f\u00fcr gesetzlich zul\u00e4ssige Sch\u00e4den, die direkt oder indirekt aus der Benutzung dieser Webseite entstehen, ist ausgeschlossen, soweit diese nicht auf Vorsatz oder grober Fahrl\u00e4ssigkeit durch AWT Betonwerk GmbH beruhen.<\/p>\n<p class=\"brz-css-flset\"><\/p>\n<p class=\"brz-css-lszlj\"><strong>Haftung f\u00fcr Links auf dieser Webseite<\/strong><\/p>\n<p class=\"brz-css-asbsv\">F\u00fcr Inhalte verlinkter Webseiten \u00fcbernehmen wir keine Verantwortung. Eine Haftung f\u00fcr verlinkte Webseiten ist ausgeschlossen.<\/p>\n<p class=\"brz-css-rzizm\"><\/p>\n<p class=\"brz-css-jvfjo\"><strong>Datenschutz<\/strong><\/p>\n<p class=\"brz-css-yzkii\">Die Nutzung unserer Webseite ist in der Regel ohne Angabe personenbezogener Daten m\u00f6glich. Soweit auf unseren Seiten personenbezogene Daten (beispielsweise Name, Anschrift oder eMail-Adressen) erhoben werden, erfolgt dies, soweit m\u00f6glich, stets auf freiwilliger Basis. Diese Daten werden ohne Ihre ausdr\u00fcckliche Zustimmung nicht an Dritte weitergegeben. Wir weisen darauf hin, dass die Daten\u00fcbertragung im Internet (z.B. bei der Kommunikation per E-Mail) Sicherheitsl\u00fccken aufweisen kann. Ein l\u00fcckenloser Schutz der Daten vor dem Zugriff durch Dritte ist nicht m\u00f6glich. Der Nutzung von im Rahmen der Impressumspflicht ver\u00f6ffentlichten Kontaktdaten durch Dritte zur \u00dcbersendung von nicht ausdr\u00fccklich angeforderter Werbung und Informationsmaterialien wird hiermit ausdr\u00fccklich widersprochen. Die Betreiber der Seiten behalten sich ausdr\u00fccklich rechtliche Schritte im Falle der unverlangten Zusendung von Werbeinformationen, etwa durch Spam-Mails, vor.<\/p>\n<p class=\"brz-css-pswwh\"><\/p>\n<p class=\"brz-css-ukxyy\"><strong>Rechtswirksamkeit dieses Haftungsausschlusses<\/strong><\/p>\n<p class=\"brz-css-owqyc\">Dieser Haftungsausschluss\/Disclaimer ist als Teil des Internetangebotes zu betrachten, von dem aus auf diese Seite verwiesen wurde. Sofern Teile oder einzelne Formulierungen dieses Textes der geltenden Rechtslage nicht, nicht mehr oder nicht vollst\u00e4ndig entsprechen sollten, bleiben die \u00fcbrigen Teile des Dokumentes in ihrem Inhalt und ihrer G\u00fcltigkeit davon unber\u00fchrt.<\/p>\n<\/div>\n<\/div>\n<\/div>\n<\/div>\n<\/div>\n<\/section>\n<\/div>\n<p><!-- version:1643376913 --><\/p>\n","protected":false},"excerpt":{"rendered":"<p>Impressum AWT Betonwerk GmbH Unter dem Lohfelde 1 99510 Ilmtal-Weinstra\u00dfe OT Niederrei\u00dfen Deutschland Telefon: 03 63 73 \u00b7 978-20 Fax: 03 63 73 \u00b7 978-50 awt-betonwerk@t-online.de Gesch\u00e4ftsf\u00fchrer: Florian G\u00f6pel Registergericht ist das Amtsgericht Jena, HRB 111381 USt-IdNr.: DE 210720744 Redaktion: AWT Betonwerk GmbH Webdesign: F. Seiler Urheberrecht Das Copyright f\u00fcr ver\u00f6ffentlichte, von der AWT Betonwerk &hellip; <\/p>\n<p class=\"link-more\"><a href=\"https:\/\/awt-betonwerk.de\/?page_id=1575\" class=\"more-link\"><span class=\"screen-reader-text\">\u201eImpressum\u201c<\/span> weiterlesen<\/a><\/p>\n","protected":false},"author":1,"featured_media":0,"parent":0,"menu_order":0,"comment_status":"closed","ping_status":"closed","template":"brizy-blank-template.php","meta":{"inline_featured_image":false},"_links":{"self":[{"href":"https:\/\/awt-betonwerk.de\/index.php?rest_route=\/wp\/v2\/pages\/1575"}],"collection":[{"href":"https:\/\/awt-betonwerk.de\/index.php?rest_route=\/wp\/v2\/pages"}],"about":[{"href":"https:\/\/awt-betonwerk.de\/index.php?rest_route=\/wp\/v2\/types\/page"}],"author":[{"embeddable":true,"href":"https:\/\/awt-betonwerk.de\/index.php?rest_route=\/wp\/v2\/users\/1"}],"replies":[{"embeddable":true,"href":"https:\/\/awt-betonwerk.de\/index.php?rest_route=%2Fwp%2Fv2%2Fcomments&post=1575"}],"version-history":[{"count":5,"href":"https:\/\/awt-betonwerk.de\/index.php?rest_route=\/wp\/v2\/pages\/1575\/revisions"}],"predecessor-version":[{"id":3907,"href":"https:\/\/awt-betonwerk.de\/index.php?rest_route=\/wp\/v2\/pages\/1575\/revisions\/3907"}],"wp:attachment":[{"href":"https:\/\/awt-betonwerk.de\/index.php?rest_route=%2Fwp%2Fv2%2Fmedia&parent=1575"}],"curies":[{"name":"wp","href":"https:\/\/api.w.org\/{rel}","templated":true}]}}