{"id":1706,"date":"2020-11-25T18:30:06","date_gmt":"2020-11-25T17:30:06","guid":{"rendered":"http:\/\/awt-betonwerk.de\/wp_1\/?page_id=1706"},"modified":"2021-12-16T09:26:36","modified_gmt":"2021-12-16T08:26:36","slug":"mischanlagenfuehrer-in","status":"publish","type":"page","link":"https:\/\/awt-betonwerk.de\/?page_id=1706","title":{"rendered":"Mischanlagenf\u00fchrer*in"},"content":{"rendered":"<div class=\"brz-root__container brz-reset-all\">\n<section data-uid=\"jpagdhiocebguokeojkiotnrlfpjmzqehkpx\" id=\"jpagdhiocebguokeojkiotnrlfpjmzqehkpx\" class=\"brz-section brz-css-qclzf\">\n<div class=\"brz-section__content brz-section--boxed brz-css-jgrga\" data-custom-id=\"duzphcsseglgjpakfkawzjidllomocnqlcrj\">\n<div class=\"brz-container brz-css-yzbbz\">\n<div class=\"brz-css-deaht brz-wrapper\">\n<div class=\"brz-rich-text brz-css-mtwmz\" data-custom-id=\"xswdsznohdsfoavbplltdqvfpsniszgvwvdt\">\n<div>\n<p class=\"brz-css-nizwh\"><span class=\"brz-cp-color1\">Mischanlagenf\u00fchrer*in \/ Maschinen- und Anlagenf\u00fchrer*in<\/span><\/p>\n<\/div>\n<\/div>\n<\/div>\n<div class=\"brz-css-deaht brz-css-sbmbx brz-wrapper\">\n<div class=\"brz-line brz-css-zqbso brz-css-unrnz\" data-custom-id=\"ybjnsaamsqggkscozdcpniiqfunjukzklcwh\">\n<hr class=\"brz-hr\" \/><\/div>\n<\/div>\n<div class=\"brz-css-deaht brz-wrapper\">\n<div class=\"brz-rich-text brz-css-mtwmz\" data-custom-id=\"iicqdpguoknanpxdazijzeeajmspqjhvkivr\">\n<div>\n<p class=\"brz-css-sdvpz\"><span class=\"brz-cp-color2\">Wir suchen Mischanlagenf\u00fchrer*innen\/ Maschinen- und Anlagenf\u00fchrer*innen f\u00fcr die Herstellung von Betonschachtteilen zum sofortigen Beginn im AWT Betonwerk GmbH in Niederrei\u00dfen. In unserem Unternehmen stellen wir Schachtfertigteile f\u00fcr den Tiefbau industriell her.<\/span><\/p>\n<p class=\"brz-css-mykbz\"><\/p>\n<p class=\"brz-css-nzwly\"><span class=\"brz-cp-color2\"> Zum Aufgabengebiet geh\u00f6ren die Bedienung, Steuerung und \u00dcberwachung unserer Anlagen zur termingerechten Fertigstellung von Fertigteilen und Schachtbauwerken. Dabei arbeiten Sie eng mit anderen Mitarbeiter*innen anderer T\u00e4tigkeitsgebiete zusammen.<\/span><\/p>\n<\/div>\n<\/div>\n<\/div>\n<div class=\"brz-css-deaht brz-css-okhuc brz-wrapper\">\n<div class=\"brz-rich-text brz-css-mtwmz\" data-custom-id=\"ttcllbvxtadveyugilzszizwyzeeymuvaull\">\n<div>\n<p class=\"brz-css-lfmaq\"><strong class=\"brz-cp-color1\">Ihr Profil:<\/strong><\/p>\n<ul>\n<li class=\"brz-css-ntxzi\"><span class=\"brz-cp-color2\">Abgeschlossene Ausbildung als Maschinen- und Anlagenf\u00fchrer*in bzw. vergleichbare Ausbildung\/ Schlosser\/ Elektrikerausbildung erw\u00fcnscht<\/span><\/li>\n<li class=\"brz-css-xxqpu\"><span class=\"brz-cp-color2\">Ggf. Erfahrungen und Kenntnisse als Mischanlagenf\u00fchrer*in<\/span><\/li>\n<li class=\"brz-css-jzdou\"><span class=\"brz-cp-color2\">Gutes technisches Verst\u00e4ndnis und handwerkliches Geschick<\/span><\/li>\n<li class=\"brz-css-mwats\"><span class=\"brz-cp-color2\">Engagierte, zuverl\u00e4ssige und selbstst\u00e4ndige Arbeitsweise<\/span><\/li>\n<li class=\"brz-css-jcaxi\"><span class=\"brz-cp-color2\">Dynamik und Belastbarkeit<\/span><\/li>\n<li class=\"brz-css-cbjps\"><span class=\"brz-cp-color2\">Team- und Kommunikationsf\u00e4higkeit<\/span><\/li>\n<li class=\"brz-css-uytsm\"><span class=\"brz-cp-color2\"><span class=\"ql-cursor\">\ufeff<\/span>Flexibilit\u00e4t<\/span><\/li>\n<\/ul>\n<p class=\"brz-css-lnxap\"><\/p>\n<p class=\"brz-css-saogv\"><strong class=\"brz-cp-color1\">Wir bieten:<\/strong><\/p>\n<ul>\n<li class=\"brz-css-gxbpb\"><span class=\"brz-cp-color2\">Eine Vollzeitstelle mit langfristiger Perspektive<\/span><\/li>\n<li class=\"brz-css-lhnwi\"><span class=\"brz-cp-color2\">Eine leistungsgerechte Verg\u00fctung<\/span><\/li>\n<li class=\"brz-css-zydfp\"><span class=\"brz-cp-color2\">Ein abwechslungsreiches Aufgabengebiet mit viel Eigenverantwortung<\/span><\/li>\n<li class=\"brz-css-ydjpz\"><span class=\"brz-cp-color2\">Weiterbildungsm\u00f6glichkeiten<\/span><span style=\"color: rgb(28, 28, 28); background-color: initial;\"> <\/span><\/li>\n<\/ul>\n<\/div>\n<\/div>\n<\/div>\n<div class=\"brz-css-deaht brz-wrapper\">\n<div class=\"brz-rich-text brz-css-mtwmz\" data-custom-id=\"usxmfchjvabsavagcqzpbymsdukanbehmkct\">\n<div>\n<p class=\"brz-css-wzqqm\"><span class=\"brz-cp-color2\">Sie sind interessiert? Bewerbung mit Anschreiben und Lebenslauf senden Sie bitte an die unten angegebene Adresse. Ansprechpartner ist Herr Florian G\u00f6pel.<\/span><\/p>\n<p class=\"brz-css-mhclu\"><\/p>\n<p class=\"brz-css-hvmwk\"><span class=\"brz-cp-color2\">Bei R\u00fcckfragen erreichen Sie uns unter der Festnetznummer 036373-97820 oder Mobil unter 0175-9344777.<\/span><\/p>\n<p class=\"brz-css-oxrjh\"><\/p>\n<p class=\"brz-css-qwkyt\"><span class=\"brz-cp-color2\">Wir freuen uns auf Ihre Bewerbung!<\/span><\/p>\n<p class=\"brz-css-dzxvh\"><span class=\"brz-cp-color2\"> <\/span><\/p>\n<p class=\"brz-css-ofkpy\"><span class=\"brz-cp-color2\">Ihr Team vom AWT Betonwerk<\/span><\/p>\n<p class=\"brz-css-urycl\"><\/p>\n<p class=\"brz-css-uwweh\"><\/p>\n<p class=\"brz-css-hngvx\"><\/p>\n<p class=\"brz-css-tspog\"><span class=\"brz-cp-color2\">AWT Betonwerk GmbH<\/span><\/p>\n<p class=\"brz-css-bajlf\"><span class=\"brz-cp-color2\">Unter dem Lohfelde 1<\/span><\/p>\n<p class=\"brz-css-wmgsb\"><span class=\"brz-cp-color2\">99510 Ilmtal-Weinstra\u00dfe<\/span><\/p>\n<p class=\"brz-css-udaxp\"><span class=\"brz-cp-color2\">OT-Niederrei\u00dfen<\/span><\/p>\n<\/div>\n<\/div>\n<\/div>\n<\/div>\n<\/div>\n<\/section>\n<\/div>\n<p><!-- version:1643382276 --><\/p>\n","protected":false},"excerpt":{"rendered":"<p>Mischanlagenf\u00fchrer*in \/ Maschinen- und Anlagenf\u00fchrer*in Wir suchen Mischanlagenf\u00fchrer*innen\/ Maschinen- und Anlagenf\u00fchrer*innen f\u00fcr die Herstellung von Betonschachtteilen zum sofortigen Beginn im AWT Betonwerk GmbH in Niederrei\u00dfen. In unserem Unternehmen stellen wir Schachtfertigteile f\u00fcr den Tiefbau industriell her. Zum Aufgabengebiet geh\u00f6ren die Bedienung, Steuerung und \u00dcberwachung unserer Anlagen zur termingerechten Fertigstellung von Fertigteilen und Schachtbauwerken. Dabei arbeiten &hellip; <\/p>\n<p class=\"link-more\"><a href=\"https:\/\/awt-betonwerk.de\/?page_id=1706\" class=\"more-link\"><span class=\"screen-reader-text\">\u201eMischanlagenf\u00fchrer*in\u201c<\/span> weiterlesen<\/a><\/p>\n","protected":false},"author":1,"featured_media":0,"parent":0,"menu_order":0,"comment_status":"closed","ping_status":"closed","template":"brizy-blank-template.php","meta":{"inline_featured_image":false},"_links":{"self":[{"href":"https:\/\/awt-betonwerk.de\/index.php?rest_route=\/wp\/v2\/pages\/1706"}],"collection":[{"href":"https:\/\/awt-betonwerk.de\/index.php?rest_route=\/wp\/v2\/pages"}],"about":[{"href":"https:\/\/awt-betonwerk.de\/index.php?rest_route=\/wp\/v2\/types\/page"}],"author":[{"embeddable":true,"href":"https:\/\/awt-betonwerk.de\/index.php?rest_route=\/wp\/v2\/users\/1"}],"replies":[{"embeddable":true,"href":"https:\/\/awt-betonwerk.de\/index.php?rest_route=%2Fwp%2Fv2%2Fcomments&post=1706"}],"version-history":[{"count":3,"href":"https:\/\/awt-betonwerk.de\/index.php?rest_route=\/wp\/v2\/pages\/1706\/revisions"}],"predecessor-version":[{"id":1771,"href":"https:\/\/awt-betonwerk.de\/index.php?rest_route=\/wp\/v2\/pages\/1706\/revisions\/1771"}],"wp:attachment":[{"href":"https:\/\/awt-betonwerk.de\/index.php?rest_route=%2Fwp%2Fv2%2Fmedia&parent=1706"}],"curies":[{"name":"wp","href":"https:\/\/api.w.org\/{rel}","templated":true}]}}