{"id":1724,"date":"2020-11-25T18:33:41","date_gmt":"2020-11-25T17:33:41","guid":{"rendered":"http:\/\/awt-betonwerk.de\/wp_1\/?page_id=1724"},"modified":"2021-12-16T09:25:41","modified_gmt":"2021-12-16T08:25:41","slug":"maurer-in","status":"publish","type":"page","link":"https:\/\/awt-betonwerk.de\/?page_id=1724","title":{"rendered":"Maurer*in"},"content":{"rendered":"<div class=\"brz-root__container brz-reset-all\">\n<section data-uid=\"jpagdhiocebguokeojkiotnrlfpjmzqehkpx\" id=\"jpagdhiocebguokeojkiotnrlfpjmzqehkpx\" class=\"brz-section brz-css-sjtrt\">\n<div class=\"brz-section__content brz-section--boxed brz-css-gthvz\" data-custom-id=\"duzphcsseglgjpakfkawzjidllomocnqlcrj\">\n<div class=\"brz-container brz-css-bqrah\">\n<div class=\"brz-css-eiffe brz-wrapper\">\n<div class=\"brz-rich-text brz-css-znqlo\" data-custom-id=\"xswdsznohdsfoavbplltdqvfpsniszgvwvdt\">\n<div>\n<p class=\"brz-css-pfkhj\"><span class=\"brz-cp-color1\">Maurer*in<\/span><\/p>\n<\/div>\n<\/div>\n<\/div>\n<div class=\"brz-css-eiffe brz-css-hikct brz-wrapper\">\n<div class=\"brz-line brz-css-kgvsh brz-css-wmvan\" data-custom-id=\"ybjnsaamsqggkscozdcpniiqfunjukzklcwh\">\n<hr class=\"brz-hr\" \/><\/div>\n<\/div>\n<div class=\"brz-css-eiffe brz-wrapper\">\n<div class=\"brz-rich-text brz-css-znqlo\" data-custom-id=\"iicqdpguoknanpxdazijzeeajmspqjhvkivr\">\n<div>\n<p class=\"brz-css-zyval\"><span class=\"brz-cp-color2\">Wir suchen Maurer*innen f\u00fcr die Herstellung von Betonschachtteile zum sofortigen Beginn im AWT Betonwerk GmbH in Niederrei\u00dfen. In unserem Unternehmen stellen wir Schachtfertigteile f\u00fcr den Tiefbau industriell her.<\/span><\/p>\n<p class=\"brz-css-fmwns\"><\/p>\n<p class=\"brz-css-npahs\"><span class=\"brz-cp-color2\"> Zum Aufgabengebiet geh\u00f6ren der Ausbau von Schacht-, Klinker- und Betongerinnen zur termingerechten Fertigstellung von Fertigteilen und Schachtbauwerken.<\/span><\/p>\n<\/div>\n<\/div>\n<\/div>\n<div class=\"brz-css-eiffe brz-css-ajiud brz-wrapper\">\n<div class=\"brz-rich-text brz-css-znqlo\" data-custom-id=\"ttcllbvxtadveyugilzszizwyzeeymuvaull\">\n<div>\n<p class=\"brz-css-kynrm\"><strong class=\"brz-cp-color1\">Ihr Profil:<\/strong><\/p>\n<ul>\n<li class=\"brz-css-foqbn\"><span class=\"brz-cp-color2\">Abgeschlossene Ausbildung als Maurer*in bzw. vergleichbare Ausbildung<\/span><\/li>\n<li class=\"brz-css-uapal\"><span class=\"brz-cp-color2\">Erfahrungen und Kenntnisse im Ausbau von Schacht-, Klinker- und Betongerinnen erw\u00fcnscht <\/span><\/li>\n<li class=\"brz-css-yffdw\"><span class=\"brz-cp-color2\">Gutes technisches Verst\u00e4ndnis und handwerkliches Geschick<\/span><\/li>\n<li class=\"brz-css-zexon\"><span class=\"brz-cp-color2\">Engagierte, zuverl\u00e4ssige und selbstst\u00e4ndige Arbeitsweise<\/span><\/li>\n<li class=\"brz-css-ldrjq\"><span class=\"brz-cp-color2\">Dynamik und Belastbarkeit<\/span><\/li>\n<li class=\"brz-css-rcysw\"><span class=\"brz-cp-color2\">Team- und Kommunikationsf\u00e4higkeit<\/span><\/li>\n<li class=\"brz-css-jplnx\"><span class=\"brz-cp-color2\">Flexibilit\u00e4t<\/span><\/li>\n<\/ul>\n<p class=\"brz-css-lpcah\"><\/p>\n<p class=\"brz-css-mwngs\"><strong class=\"brz-cp-color1\">Wir bieten:<\/strong><\/p>\n<ul>\n<li class=\"brz-css-vurts\"><span class=\"brz-cp-color2\">Eine Vollzeitstelle mit langfristiger Perspektive<\/span><\/li>\n<li class=\"brz-css-uzypq\"><span class=\"brz-cp-color2\">Eine leistungsgerechte Verg\u00fctung<\/span><\/li>\n<li class=\"brz-css-xetyj\"><span class=\"brz-cp-color2\">Ein abwechslungsreiches Aufgabengebiet mit viel Eigenverantwortung<\/span><\/li>\n<li class=\"brz-css-qzhin\"><span class=\"brz-cp-color2\">Weiterbildungsm\u00f6glichkeiten<\/span><span style=\"color: rgb(28, 28, 28); background-color: initial;\"> <\/span><\/li>\n<\/ul>\n<\/div>\n<\/div>\n<\/div>\n<div class=\"brz-css-eiffe brz-wrapper\">\n<div class=\"brz-rich-text brz-css-znqlo\" data-custom-id=\"usxmfchjvabsavagcqzpbymsdukanbehmkct\">\n<div>\n<p class=\"brz-css-rduyq\"><span class=\"brz-cp-color2\">Sie sind interessiert? Bewerbung mit Anschreiben und Lebenslauf senden Sie bitte an die unten angegebene Adresse. Ansprechpartner ist Herr Florian G\u00f6pel.<\/span><\/p>\n<p class=\"brz-css-iunme\"><\/p>\n<p class=\"brz-css-vnnfu\"><span class=\"brz-cp-color2\">Bei R\u00fcckfragen erreichen Sie uns unter der Festnetznummer 036373-97820 oder Mobil unter 0175-9344777.<\/span><\/p>\n<p class=\"brz-css-bqmil\"><\/p>\n<p class=\"brz-css-hguzr\"><span class=\"brz-cp-color2\">Wir freuen uns auf Ihre Bewerbung!<\/span><\/p>\n<p class=\"brz-css-vuwwm\"><span class=\"brz-cp-color2\"> <\/span><\/p>\n<p class=\"brz-css-wkzgs\"><span class=\"brz-cp-color2\">Ihr Team vom AWT Betonwerk<\/span><\/p>\n<p class=\"brz-css-bkoio\"><\/p>\n<p class=\"brz-css-anyxq\"><\/p>\n<p class=\"brz-css-qyapa\"><\/p>\n<p class=\"brz-css-okesd\"><span class=\"brz-cp-color2\">AWT Betonwerk GmbH<\/span><\/p>\n<p class=\"brz-css-yeabr\"><span class=\"brz-cp-color2\">Unter dem Lohfelde 1<\/span><\/p>\n<p class=\"brz-css-eraez\"><span class=\"brz-cp-color2\">99510 Ilmtal-Weinstra\u00dfe<\/span><\/p>\n<p class=\"brz-css-pugto\"><span class=\"brz-cp-color2\">OT-Niederrei\u00dfen<\/span><\/p>\n<\/div>\n<\/div>\n<\/div>\n<\/div>\n<\/div>\n<\/section>\n<\/div>\n<p><!-- version:1643393232 --><\/p>\n","protected":false},"excerpt":{"rendered":"<p>Maurer*in Wir suchen Maurer*innen f\u00fcr die Herstellung von Betonschachtteile zum sofortigen Beginn im AWT Betonwerk GmbH in Niederrei\u00dfen. In unserem Unternehmen stellen wir Schachtfertigteile f\u00fcr den Tiefbau industriell her. Zum Aufgabengebiet geh\u00f6ren der Ausbau von Schacht-, Klinker- und Betongerinnen zur termingerechten Fertigstellung von Fertigteilen und Schachtbauwerken. Ihr Profil: Abgeschlossene Ausbildung als Maurer*in bzw. vergleichbare Ausbildung &hellip; <\/p>\n<p class=\"link-more\"><a href=\"https:\/\/awt-betonwerk.de\/?page_id=1724\" class=\"more-link\"><span class=\"screen-reader-text\">\u201eMaurer*in\u201c<\/span> weiterlesen<\/a><\/p>\n","protected":false},"author":1,"featured_media":0,"parent":0,"menu_order":0,"comment_status":"closed","ping_status":"closed","template":"brizy-blank-template.php","meta":{"inline_featured_image":false},"_links":{"self":[{"href":"https:\/\/awt-betonwerk.de\/index.php?rest_route=\/wp\/v2\/pages\/1724"}],"collection":[{"href":"https:\/\/awt-betonwerk.de\/index.php?rest_route=\/wp\/v2\/pages"}],"about":[{"href":"https:\/\/awt-betonwerk.de\/index.php?rest_route=\/wp\/v2\/types\/page"}],"author":[{"embeddable":true,"href":"https:\/\/awt-betonwerk.de\/index.php?rest_route=\/wp\/v2\/users\/1"}],"replies":[{"embeddable":true,"href":"https:\/\/awt-betonwerk.de\/index.php?rest_route=%2Fwp%2Fv2%2Fcomments&post=1724"}],"version-history":[{"count":2,"href":"https:\/\/awt-betonwerk.de\/index.php?rest_route=\/wp\/v2\/pages\/1724\/revisions"}],"predecessor-version":[{"id":1736,"href":"https:\/\/awt-betonwerk.de\/index.php?rest_route=\/wp\/v2\/pages\/1724\/revisions\/1736"}],"wp:attachment":[{"href":"https:\/\/awt-betonwerk.de\/index.php?rest_route=%2Fwp%2Fv2%2Fmedia&parent=1724"}],"curies":[{"name":"wp","href":"https:\/\/api.w.org\/{rel}","templated":true}]}}