{"id":1741,"date":"2020-11-25T18:38:40","date_gmt":"2020-11-25T17:38:40","guid":{"rendered":"http:\/\/awt-betonwerk.de\/wp_1\/?page_id=1741"},"modified":"2021-12-16T09:22:16","modified_gmt":"2021-12-16T08:22:16","slug":"produktionshelfer-in","status":"publish","type":"page","link":"https:\/\/awt-betonwerk.de\/?page_id=1741","title":{"rendered":"Produktionshelfer*in"},"content":{"rendered":"<div class=\"brz-root__container brz-reset-all\">\n<section data-uid=\"jpagdhiocebguokeojkiotnrlfpjmzqehkpx\" id=\"jpagdhiocebguokeojkiotnrlfpjmzqehkpx\" class=\"brz-section brz-css-rrzfi\">\n<div class=\"brz-section__content brz-section--boxed brz-css-izcnz\" data-custom-id=\"duzphcsseglgjpakfkawzjidllomocnqlcrj\">\n<div class=\"brz-container brz-css-ixidf\">\n<div class=\"brz-css-aaycq brz-wrapper\">\n<div class=\"brz-rich-text brz-css-ekmom\" data-custom-id=\"xswdsznohdsfoavbplltdqvfpsniszgvwvdt\">\n<div>\n<p class=\"brz-css-jasmc\"><span class=\"brz-cp-color1\">Produktionshelfer*in<\/span><\/p>\n<\/div>\n<\/div>\n<\/div>\n<div class=\"brz-css-aaycq brz-css-xnpiv brz-wrapper\">\n<div class=\"brz-line brz-css-ahxbo brz-css-niudn\" data-custom-id=\"ybjnsaamsqggkscozdcpniiqfunjukzklcwh\">\n<hr class=\"brz-hr\" \/><\/div>\n<\/div>\n<div class=\"brz-css-aaycq brz-wrapper\">\n<div class=\"brz-rich-text brz-css-ekmom\" data-custom-id=\"iicqdpguoknanpxdazijzeeajmspqjhvkivr\">\n<div>\n<p class=\"brz-css-pilte\"><span class=\"brz-cp-color2\">Wir suchen Produktionshelfer*innen zur Unterst\u00fctzung unserer Betonwerker*innen bei der Herstellung von Betonschachtteilen zum sofortigen Beginn im AWT Betonwerk GmbH in Niederrei\u00dfen. In unserem Unternehmen stellen wir Schachtfertigteile f\u00fcr den Tiefbau industriell her.<\/span><\/p>\n<\/div>\n<\/div>\n<\/div>\n<div class=\"brz-css-aaycq brz-css-uldxq brz-wrapper\">\n<div class=\"brz-rich-text brz-css-ekmom\" data-custom-id=\"ttcllbvxtadveyugilzszizwyzeeymuvaull\">\n<div>\n<p class=\"brz-css-hapot\"><strong class=\"brz-cp-color1\">Ihr Profil:<\/strong><\/p>\n<ul>\n<li class=\"brz-css-ubvdq\"><span class=\"brz-cp-color2\">Abgeschlossene handwerkliche Ausbildung w\u00fcnschenswert \/ Quereinsteiger sind kein Problem<\/span><\/li>\n<li class=\"brz-css-lpkzh\"><span class=\"brz-cp-color2\">Gutes technisches Verst\u00e4ndnis und handwerkliches Geschick<\/span><\/li>\n<li class=\"brz-css-ntebv\"><span class=\"brz-cp-color2\">Engagierte, zuverl\u00e4ssige und selbstst\u00e4ndige Arbeitsweise<\/span><\/li>\n<li class=\"brz-css-fazcg\"><span class=\"brz-cp-color2\">Dynamik und Belastbarkeit<\/span><\/li>\n<li class=\"brz-css-osiay\"><span class=\"brz-cp-color2\">Team- und Kommunikationsf\u00e4higkeit<\/span><\/li>\n<li class=\"brz-css-eunsm\"><span class=\"brz-cp-color2\">Flexibilit\u00e4t<\/span><\/li>\n<\/ul>\n<p class=\"brz-css-lymwi\"><\/p>\n<p class=\"brz-css-gjdxp\"><strong class=\"brz-cp-color1\">Wir bieten:<\/strong><\/p>\n<ul>\n<li class=\"brz-css-khtli\"><span class=\"brz-cp-color2\">Eine Vollzeitstelle mit langfristiger Perspektive<\/span><\/li>\n<li class=\"brz-css-ryvfq\"><span class=\"brz-cp-color2\">Eine leistungsgerechte Verg\u00fctung<\/span><\/li>\n<li class=\"brz-css-dkwli\"><span class=\"brz-cp-color2\">Ein abwechslungsreiches Aufgabengebiet mit viel Eigenverantwortung<\/span><\/li>\n<li class=\"brz-css-hpupr\"><span class=\"brz-cp-color2\">Weiterbildungsm\u00f6glichkeiten<\/span><span style=\"background-color: initial; color: rgb(28, 28, 28);\"> <\/span><\/li>\n<\/ul>\n<\/div>\n<\/div>\n<\/div>\n<div class=\"brz-css-aaycq brz-wrapper\">\n<div class=\"brz-rich-text brz-css-ekmom\" data-custom-id=\"usxmfchjvabsavagcqzpbymsdukanbehmkct\">\n<div>\n<p class=\"brz-css-ujjag\"><span class=\"brz-cp-color2\">Sie sind interessiert? Bewerbung mit Anschreiben und Lebenslauf senden Sie bitte an die unten angegebene Adresse. Ansprechpartner ist Herr Florian G\u00f6pel.<\/span><\/p>\n<p class=\"brz-css-zwomu\"><\/p>\n<p class=\"brz-css-evhoi\"><span class=\"brz-cp-color2\">Bei R\u00fcckfragen erreichen Sie uns unter der Festnetznummer 036373-97820 oder Mobil unter 0175-9344777.<\/span><\/p>\n<p class=\"brz-css-soggu\"><\/p>\n<p class=\"brz-css-vwbif\"><span class=\"brz-cp-color2\">Wir freuen uns auf Ihre Bewerbung!<\/span><\/p>\n<p class=\"brz-css-lushq\"><span class=\"brz-cp-color2\"> <\/span><\/p>\n<p class=\"brz-css-qvywx\"><span class=\"brz-cp-color2\">Ihr Team vom AWT Betonwerk<\/span><\/p>\n<p class=\"brz-css-hzjzo\"><\/p>\n<p class=\"brz-css-srxus\"><\/p>\n<p class=\"brz-css-poeqc\"><\/p>\n<p class=\"brz-css-slcib\"><span class=\"brz-cp-color2\">AWT Betonwerk GmbH<\/span><\/p>\n<p class=\"brz-css-rnprb\"><span class=\"brz-cp-color2\">Unter dem Lohfelde 1<\/span><\/p>\n<p class=\"brz-css-yyywy\"><span class=\"brz-cp-color2\">99510 Ilmtal-Weinstra\u00dfe<\/span><\/p>\n<p class=\"brz-css-uipbp\"><span class=\"brz-cp-color2\">OT-Niederrei\u00dfen<\/span><\/p>\n<\/div>\n<\/div>\n<\/div>\n<\/div>\n<\/div>\n<\/section>\n<\/div>\n<p><!-- version:1643393228 --><\/p>\n","protected":false},"excerpt":{"rendered":"<p>Produktionshelfer*in Wir suchen Produktionshelfer*innen zur Unterst\u00fctzung unserer Betonwerker*innen bei der Herstellung von Betonschachtteilen zum sofortigen Beginn im AWT Betonwerk GmbH in Niederrei\u00dfen. In unserem Unternehmen stellen wir Schachtfertigteile f\u00fcr den Tiefbau industriell her. Ihr Profil: Abgeschlossene handwerkliche Ausbildung w\u00fcnschenswert \/ Quereinsteiger sind kein Problem Gutes technisches Verst\u00e4ndnis und handwerkliches Geschick Engagierte, zuverl\u00e4ssige und selbstst\u00e4ndige Arbeitsweise &hellip; <\/p>\n<p class=\"link-more\"><a href=\"https:\/\/awt-betonwerk.de\/?page_id=1741\" class=\"more-link\"><span class=\"screen-reader-text\">\u201eProduktionshelfer*in\u201c<\/span> weiterlesen<\/a><\/p>\n","protected":false},"author":1,"featured_media":0,"parent":0,"menu_order":0,"comment_status":"closed","ping_status":"closed","template":"brizy-blank-template.php","meta":{"inline_featured_image":false},"_links":{"self":[{"href":"https:\/\/awt-betonwerk.de\/index.php?rest_route=\/wp\/v2\/pages\/1741"}],"collection":[{"href":"https:\/\/awt-betonwerk.de\/index.php?rest_route=\/wp\/v2\/pages"}],"about":[{"href":"https:\/\/awt-betonwerk.de\/index.php?rest_route=\/wp\/v2\/types\/page"}],"author":[{"embeddable":true,"href":"https:\/\/awt-betonwerk.de\/index.php?rest_route=\/wp\/v2\/users\/1"}],"replies":[{"embeddable":true,"href":"https:\/\/awt-betonwerk.de\/index.php?rest_route=%2Fwp%2Fv2%2Fcomments&post=1741"}],"version-history":[{"count":2,"href":"https:\/\/awt-betonwerk.de\/index.php?rest_route=\/wp\/v2\/pages\/1741\/revisions"}],"predecessor-version":[{"id":1749,"href":"https:\/\/awt-betonwerk.de\/index.php?rest_route=\/wp\/v2\/pages\/1741\/revisions\/1749"}],"wp:attachment":[{"href":"https:\/\/awt-betonwerk.de\/index.php?rest_route=%2Fwp%2Fv2%2Fmedia&parent=1741"}],"curies":[{"name":"wp","href":"https:\/\/api.w.org\/{rel}","templated":true}]}}