{"id":3929,"date":"2021-02-04T22:28:15","date_gmt":"2021-02-04T21:28:15","guid":{"rendered":"http:\/\/awt-betonwerk.de\/wp_1\/?page_id=3929"},"modified":"2021-12-16T09:44:11","modified_gmt":"2021-12-16T08:44:11","slug":"fugenlose-schachtbauwerke","status":"publish","type":"page","link":"https:\/\/awt-betonwerk.de\/?page_id=3929","title":{"rendered":"Fugenlose Schachtbauwerke"},"content":{"rendered":"<div class=\"brz-root__container brz-reset-all\">\n<section data-uid=\"jpagdhiocebguokeojkiotnrlfpjmzqehkpx\" id=\"jpagdhiocebguokeojkiotnrlfpjmzqehkpx\" class=\"brz-section brz-css-dlzqn\">\n<div class=\"brz-section__content brz-section--boxed brz-css-ohjwi brz-css-ufllx\" data-custom-id=\"duzphcsseglgjpakfkawzjidllomocnqlcrj\">\n<div class=\"brz-container brz-css-qenpy\">\n<div class=\"brz-css-tvbga brz-wrapper\">\n<div class=\"brz-rich-text brz-css-xrklz\" data-custom-id=\"xswdsznohdsfoavbplltdqvfpsniszgvwvdt\">\n<div>\n<p class=\"brz-css-xobma\"><span class=\"brz-cp-color1\">Fugenlose Schachtbauwerke<\/span><\/p>\n<\/div>\n<\/div>\n<\/div>\n<div class=\"brz-css-tvbga brz-css-pwhoe brz-wrapper\">\n<div class=\"brz-line brz-css-llaia brz-css-shpvr\" data-custom-id=\"ybjnsaamsqggkscozdcpniiqfunjukzklcwh\">\n<hr class=\"brz-hr\" \/><\/div>\n<\/div>\n<\/div>\n<\/div>\n<\/section>\n<section data-uid=\"bzduxvvihqrqtrushggigrgdcfhrjxlahygi\" id=\"bzduxvvihqrqtrushggigrgdcfhrjxlahygi\" class=\"brz-section brz-css-dlzqn\">\n<div class=\"brz-section__content brz-section--boxed brz-css-ohjwi brz-css-hnogk\" data-custom-id=\"qmxgltomqmxrlcsepsdyhfdxrohlqtnnxhmk\">\n<div class=\"brz-container brz-css-qenpy\">\n<div class=\"brz-css-tvbga brz-css-lzqpb brz-wrapper\">\n<div class=\"brz-rich-text brz-css-xrklz\" data-custom-id=\"jvwpyxfyarvdfaeqvyseddggmslsihjtqssm\">\n<div>\n<p class=\"brz-css-ojknp\"><span class=\"brz-cp-color2\">Fugenlose Schachtbauwerke sind monolithisch nach DIN EN 1917 \/ DIN V 4034-1, Typ2 hergestellte Schachtunterteile, die als einfache Beh\u00e4lter oder Pumpensch\u00e4chte genutzt werden k\u00f6nnen. Sie k\u00f6nnen in verschiedenen H\u00f6hen und Durchmessern gefertigt werden.<\/span><\/p>\n<\/div>\n<\/div>\n<\/div>\n<\/div>\n<\/div>\n<\/section>\n<section data-uid=\"sdkleqxpkjjsmsjoouqkywqcbviysrqcgnhp\" id=\"sdkleqxpkjjsmsjoouqkywqcbviysrqcgnhp\" class=\"brz-section brz-css-dlzqn\">\n<div class=\"brz-section__content brz-section--boxed brz-css-ohjwi brz-css-syaoh\" data-custom-id=\"tgwfujryrkexvaqgycjbmxvfreyqyqzcxama\">\n<div class=\"brz-bg\">\n<div class=\"brz-bg-color\"><\/div>\n<\/div>\n<div class=\"brz-container brz-css-qenpy\">\n<div class=\"brz-row__container brz-css-ydujv\" data-custom-id=\"ejonogutoeeaasgngukbimlzlrxellzecwoj\">\n<div class=\"brz-row brz-css-jkyiz brz-css-qteft\">\n<div class=\"brz-columns brz-css-lbjax brz-css-ohhfs\" data-custom-id=\"cdyyrzrtslxayyolraxpkcjnyhavldxddeou\">\n<div class=\"brz-bg\">\n<div class=\"brz-bg-image\"><\/div>\n<\/div>\n<div class=\"brz-column__items brz-css-rzhlw brz-css-ycmxz\">\n<div class=\"brz-css-tvbga brz-css-bwmge brz-wrapper\">\n<div class=\"brz-spacer brz-css-pevhh brz-css-bkble\"><\/div>\n<\/div>\n<\/div>\n<\/div>\n<div class=\"brz-columns brz-css-lbjax brz-css-vlwxe\" data-custom-id=\"mqaugbrmkyzzgdruukcqofklhuphccqlkqfz\">\n<div class=\"brz-bg\">\n<div class=\"brz-bg-color\"><\/div>\n<\/div>\n<div class=\"brz-column__items brz-css-rzhlw brz-css-rijjy\">\n<div class=\"brz-css-tvbga brz-css-khkca brz-wrapper\">\n<div class=\"brz-accordion brz-css-isapa brz-css-ifsps\" data-duration=\"300\" data-custom-id=\"lwiqnxcgzcpilyrlvcmgdsogquncfnqjxdpp\">\n<div class=\"brz-accordion__item\">\n<div class=\"brz-accordion__nav\" data-collapsible=\"off\"><span class=\"brz-span brz-text__editor\">Beh\u00e4lter<\/span><\/div>\n<div class=\"brz-accordion__content brz-d-xs-flex brz-flex-xs-column\">\n<div class=\"brz-accordion__item-content brz-d-xs-flex brz-flex-xs-column\">\n<div class=\"brz-css-tvbga brz-css-dcmsb brz-wrapper\">\n<div class=\"brz-rich-text brz-css-xrklz\" data-custom-id=\"umahmxuwsueguaxckjiiilaasijdjnfafzen\">\n<div>\n<p class=\"brz-css-hqscb\"><span class=\"brz-cp-color7\">Unsere Betonbeh\u00e4lter werden individuell angefertigt und finden vielf\u00e4ltige Einsatzm\u00f6glichkeiten, beispielsweise als Brunnen-, Sammel-, oder Sickerschacht. <\/span><\/p>\n<p class=\"brz-css-cetat\"><span class=\"brz-cp-color7\">Je nach Bedarf und Einsatzbereich gibt es verschiedene Ausbauvarianten. Die Beh\u00e4lter k\u00f6nnen mit einer Innen- und Au\u00dfenbeschichtung versehen werden. Weiterhin k\u00f6nnen Zwischentrennw\u00e4nde, \u00d6ffnungen\/Muffen, eine Auftriebssicherung oder ein Pumpensumpf sowie Steigb\u00fcgel eingebaut werden.<\/span><\/p>\n<\/div>\n<\/div>\n<\/div>\n<div class=\"brz-wrapper-clone brz-css-upqxc brz-css-ctywp\">\n<div class=\"brz-d-xs-flex brz-flex-xs-wrap brz-css-dtqut brz-css-gnhkg\">\n<div class=\"brz-wrapper-clone__item brz-css-slars\" id=\"euqcstdexrslwratwneosjuznlgqxkqvxclt\"><a class=\"brz-a brz-btn brz-css-tlfsr brz-css-ortwb\" href=\"http:\/\/awt-betonwerk.de\/wp_1\/wp-content\/uploads\/2021\/02\/AWT_Behaelter.pdf\" target=\"_blank\" rel=\"noopener\" data-brz-link-type=\"external\" data-custom-id=\"euqcstdexrslwratwneosjuznlgqxkqvxclt\"><svg id=\"nc_icon\" version=\"1.1\" xmlns=\"http:\/\/www.w3.org\/2000\/svg\" xmlns:xlink=\"http:\/\/www.w3.org\/1999\/xlink\" x=\"0px\" y=\"0px\" viewbox=\"0 0 24 24\" xml:space=\"preserve\" class=\"brz-icon-svg brz-css-ahdup brz-css-hyemy\" data-type=\"outline\" data-name=\"single-content-02\"><g transform=\"translate(0, 0)\" class=\"nc-icon-wrapper\" fill=\"none\"><polygon data-stroke=\"none\" fill=\"none\" points=\"16,23 16,17 22,17 \" stroke-linejoin=\"miter\" stroke-linecap=\"square\" \/> <polyline data-cap=\"butt\" fill=\"none\" stroke=\"currentColor\" vector-effect=\"non-scaling-stroke\" stroke-miterlimit=\"10\" points=\"16,23 16,17 22,17 \" stroke-linejoin=\"miter\" stroke-linecap=\"butt\" \/> <polygon fill=\"none\" stroke=\"currentColor\" vector-effect=\"non-scaling-stroke\" stroke-linecap=\"square\" stroke-miterlimit=\"10\" points=\"16,23 2,23 2,1 22,1 22,17 \" stroke-linejoin=\"miter\" \/> <line data-color=\"color-2\" fill=\"none\" stroke=\"currentColor\" vector-effect=\"non-scaling-stroke\" stroke-linecap=\"square\" stroke-miterlimit=\"10\" x1=\"7\" y1=\"6\" x2=\"17\" y2=\"6\" stroke-linejoin=\"miter\" \/> <line data-color=\"color-2\" fill=\"none\" stroke=\"currentColor\" vector-effect=\"non-scaling-stroke\" stroke-linecap=\"square\" stroke-miterlimit=\"10\" x1=\"7\" y1=\"11\" x2=\"17\" y2=\"11\" stroke-linejoin=\"miter\" \/> <line data-color=\"color-2\" fill=\"none\" stroke=\"currentColor\" vector-effect=\"non-scaling-stroke\" stroke-linecap=\"square\" stroke-miterlimit=\"10\" x1=\"7\" y1=\"16\" x2=\"11\" y2=\"16\" stroke-linejoin=\"miter\" \/><\/g><\/svg><span class=\"brz-span brz-text__editor\">DATENBLATT<\/span><\/a><\/div>\n<\/div>\n<\/div>\n<\/div>\n<\/div>\n<\/div>\n<\/div>\n<\/div>\n<\/div>\n<\/div>\n<\/div>\n<\/div>\n<div class=\"brz-css-tvbga brz-css-bwmge brz-css-wqyog brz-wrapper\">\n<div class=\"brz-spacer brz-css-pevhh brz-css-kvbfg\"><\/div>\n<\/div>\n<div class=\"brz-row__container brz-css-ydujv\" data-custom-id=\"tfznzshqizxkkewhtskhwckcqrivoeiwtoqq\">\n<div class=\"brz-row brz-css-jkyiz brz-css-qteft\">\n<div class=\"brz-columns brz-css-lbjax brz-css-frode\" data-custom-id=\"hhgsgjrnkjjldqgypcgjsorpxihpxzfjkidm\">\n<div class=\"brz-bg\">\n<div class=\"brz-bg-image\"><\/div>\n<div class=\"brz-bg-color\"><\/div>\n<\/div>\n<div class=\"brz-column__items brz-css-rzhlw brz-css-cedqa\">\n<div class=\"brz-css-tvbga brz-css-bwmge brz-wrapper\">\n<div class=\"brz-spacer brz-css-pevhh brz-css-uuysv\"><\/div>\n<\/div>\n<\/div>\n<\/div>\n<div class=\"brz-columns brz-css-lbjax brz-css-gxgsv\" data-custom-id=\"phjbjnqlfbbrkedogtfbtqepbfqdcoyxoavp\">\n<div class=\"brz-bg\">\n<div class=\"brz-bg-color\"><\/div>\n<\/div>\n<div class=\"brz-column__items brz-css-rzhlw brz-css-tmdlf\">\n<div class=\"brz-css-tvbga brz-css-rpstt brz-wrapper\">\n<div class=\"brz-accordion brz-css-isapa brz-css-puegs\" data-duration=\"300\" data-custom-id=\"bvhbvjellxotvxcwuepqmfdvytroriliskxa\">\n<div class=\"brz-accordion__item\">\n<div class=\"brz-accordion__nav\" data-collapsible=\"off\"><span class=\"brz-span brz-text__editor\">Pumpensch\u00e4chte<\/span><\/div>\n<div class=\"brz-accordion__content brz-d-xs-flex brz-flex-xs-column\">\n<div class=\"brz-accordion__item-content brz-d-xs-flex brz-flex-xs-column\">\n<div class=\"brz-css-tvbga brz-css-bxbur brz-wrapper\">\n<div class=\"brz-rich-text brz-css-xrklz\" data-custom-id=\"ziukirntjhimewkbeauvgjavxqccjimfjunb\">\n<div>\n<p class=\"brz-css-mvqid\"><span class=\"brz-cp-color7\">Pumpensch\u00e4chte sind Pumpstationen mit technischer Ausstattung, die als Sammelbeh\u00e4lter in Abwasserhebeanlagen eingesetzt werden um Abwasser zu f\u00f6rdern. Sie k\u00f6nnen gegen\u00fcber einem manuell hergestellten Pumpensumpf direkt und unkompliziert auf der Baustelle eingebaut werden und halten in befahrbaren Bereichen einer hohen Belastbarkeit stand. Optional kann eine Auftriebssicherung in einem Guss mit einbetoniert oder ein Pumpensumpf eingebaut werden.<\/span><\/p>\n<\/div>\n<\/div>\n<\/div>\n<div class=\"brz-wrapper-clone brz-css-upqxc brz-css-cnxol\">\n<div class=\"brz-d-xs-flex brz-flex-xs-wrap brz-css-dtqut brz-css-txztr\">\n<div class=\"brz-wrapper-clone__item brz-css-slars\" id=\"eqqrrguzrbhyfooqvyjntlndyzxaxxnuumca\"><a class=\"brz-a brz-btn brz-css-tlfsr brz-css-kjree\" href=\"http:\/\/awt-betonwerk.de\/wp_1\/wp-content\/uploads\/2021\/02\/AWT_Pumpenschaechte.pdf\" target=\"_blank\" rel=\"noopener\" data-brz-link-type=\"external\" data-custom-id=\"eqqrrguzrbhyfooqvyjntlndyzxaxxnuumca\"><svg id=\"nc_icon\" version=\"1.1\" xmlns=\"http:\/\/www.w3.org\/2000\/svg\" xmlns:xlink=\"http:\/\/www.w3.org\/1999\/xlink\" x=\"0px\" y=\"0px\" viewbox=\"0 0 24 24\" xml:space=\"preserve\" class=\"brz-icon-svg brz-css-ahdup brz-css-kqnzr\" data-type=\"outline\" data-name=\"single-content-02\"><g transform=\"translate(0, 0)\" class=\"nc-icon-wrapper\" fill=\"none\"><polygon data-stroke=\"none\" fill=\"none\" points=\"16,23 16,17 22,17 \" stroke-linejoin=\"miter\" stroke-linecap=\"square\" \/> <polyline data-cap=\"butt\" fill=\"none\" stroke=\"currentColor\" vector-effect=\"non-scaling-stroke\" stroke-miterlimit=\"10\" points=\"16,23 16,17 22,17 \" stroke-linejoin=\"miter\" stroke-linecap=\"butt\" \/> <polygon fill=\"none\" stroke=\"currentColor\" vector-effect=\"non-scaling-stroke\" stroke-linecap=\"square\" stroke-miterlimit=\"10\" points=\"16,23 2,23 2,1 22,1 22,17 \" stroke-linejoin=\"miter\" \/> <line data-color=\"color-2\" fill=\"none\" stroke=\"currentColor\" vector-effect=\"non-scaling-stroke\" stroke-linecap=\"square\" stroke-miterlimit=\"10\" x1=\"7\" y1=\"6\" x2=\"17\" y2=\"6\" stroke-linejoin=\"miter\" \/> <line data-color=\"color-2\" fill=\"none\" stroke=\"currentColor\" vector-effect=\"non-scaling-stroke\" stroke-linecap=\"square\" stroke-miterlimit=\"10\" x1=\"7\" y1=\"11\" x2=\"17\" y2=\"11\" stroke-linejoin=\"miter\" \/> <line data-color=\"color-2\" fill=\"none\" stroke=\"currentColor\" vector-effect=\"non-scaling-stroke\" stroke-linecap=\"square\" stroke-miterlimit=\"10\" x1=\"7\" y1=\"16\" x2=\"11\" y2=\"16\" stroke-linejoin=\"miter\" \/><\/g><\/svg><span class=\"brz-span brz-text__editor\">DATENBLATT<\/span><\/a><\/div>\n<\/div>\n<\/div>\n<\/div>\n<\/div>\n<\/div>\n<\/div>\n<\/div>\n<\/div>\n<\/div>\n<\/div>\n<\/div>\n<\/div>\n<\/div>\n<\/section>\n<section data-uid=\"wlbgibnaldmdksnjfnsjjgiaaswqccshrhwn\" id=\"wlbgibnaldmdksnjfnsjjgiaaswqccshrhwn\" class=\"brz-section brz-css-dlzqn\">\n<div class=\"brz-section__content brz-section--boxed brz-css-ohjwi brz-css-fgbpk\" data-custom-id=\"ptlmkmqnmlglbbzfkmnwqlwgosqhmktlpyky\">\n<div class=\"brz-bg\">\n<div class=\"brz-bg-color\"><\/div>\n<\/div>\n<div class=\"brz-container brz-css-qenpy brz-css-lques\">\n<div class=\"brz-css-tvbga brz-css-nkbro brz-wrapper\">\n<div class=\"brz-rich-text brz-css-xrklz\" data-custom-id=\"tifduacqkprzepbucacmndgwjssnseksenok\">\n<div>\n<h2 class=\"brz-css-hxhum\"><span class=\"brz-cp-color1\">F\u00fcr zus\u00e4tzliche Informationen oder Beratung stehen wir Ihnen gern zur Verf\u00fcgung.<\/span><\/h2>\n<\/div>\n<\/div>\n<\/div>\n<div class=\"brz-css-tvbga brz-css-bwmge brz-wrapper\">\n<div class=\"brz-spacer brz-css-pevhh brz-css-ktppv\"><\/div>\n<\/div>\n<div class=\"brz-row__container brz-css-ydujv\" data-custom-id=\"uiqvblyxnggwnzzgydxoumrwrjczsvnzasbo\">\n<div class=\"brz-row brz-css-jkyiz brz-css-qteft\">\n<div class=\"brz-columns brz-css-lbjax brz-css-eumeu\" data-custom-id=\"sgbisuwputkmjfecunkkowwhyhnsegsnutrj\">\n<div class=\"brz-bg\"><\/div>\n<div class=\"brz-column__items brz-css-rzhlw brz-css-fwetj\">\n<div class=\"brz-css-tvbga brz-css-bwmge brz-wrapper\">\n<div class=\"brz-spacer brz-css-pevhh brz-css-xmehv\"><\/div>\n<\/div>\n<div class=\"brz-wrapper-clone brz-css-upqxc\">\n<div class=\"brz-d-xs-flex brz-flex-xs-wrap brz-css-dtqut brz-css-izdba\">\n<div class=\"brz-wrapper-clone__item brz-css-slars brz-css-lnhpl\" id=\"winoryjnouulbmmvnnplsbpnxnuvnxbiuhmo\"><a class=\"brz-a brz-btn brz-css-tlfsr brz-css-hzqwg\" href=\"tel:+493637397820\" data-brz-link-type=\"external\" data-custom-id=\"winoryjnouulbmmvnnplsbpnxnuvnxbiuhmo\"><svg id=\"nc_icon\" version=\"1.1\" xmlns=\"http:\/\/www.w3.org\/2000\/svg\" xmlns:xlink=\"http:\/\/www.w3.org\/1999\/xlink\" x=\"0px\" y=\"0px\" viewbox=\"0 0 24 24\" xml:space=\"preserve\" class=\"brz-icon-svg brz-css-ahdup brz-css-amykg\" data-type=\"outline\" data-name=\"phone-call\"><g transform=\"translate(0, 0)\" class=\"nc-icon-wrapper\" fill=\"none\"><path fill=\"none\" stroke=\"currentColor\" vector-effect=\"non-scaling-stroke\" stroke-linecap=\"square\" stroke-miterlimit=\"10\" d=\"M17,15l-3,3l-8-8l3-3L4,2 L1,5c0,9.941,8.059,18,18,18l3-3L17,15z\" stroke-linejoin=\"miter\" \/> <path data-color=\"color-2\" fill=\"none\" stroke=\"currentColor\" vector-effect=\"non-scaling-stroke\" stroke-linecap=\"square\" stroke-miterlimit=\"10\" d=\"M14,1 c4.971,0,9,4.029,9,9\" stroke-linejoin=\"miter\" \/> <path data-color=\"color-2\" fill=\"none\" stroke=\"currentColor\" vector-effect=\"non-scaling-stroke\" stroke-linecap=\"square\" stroke-miterlimit=\"10\" d=\"M14,5 c2.761,0,5,2.239,5,5\" stroke-linejoin=\"miter\" \/><\/g><\/svg><span class=\"brz-span brz-text__editor\">03 63 73 \u00b7 978-20<\/span><\/a><\/div>\n<\/div>\n<\/div>\n<div class=\"brz-css-tvbga brz-css-bwmge brz-wrapper\">\n<div class=\"brz-spacer brz-css-pevhh brz-css-njkxp\"><\/div>\n<\/div>\n<div class=\"brz-css-tvbga brz-css-bwmge brz-wrapper\">\n<div class=\"brz-spacer brz-css-pevhh brz-css-bdefx\"><\/div>\n<\/div>\n<\/div>\n<\/div>\n<div class=\"brz-columns brz-css-lbjax\" data-custom-id=\"igcftmlwrisonwwceoedolldhkmqmszxufwl\">\n<div class=\"brz-column__items brz-css-rzhlw brz-css-zowmp\">\n<div class=\"brz-css-tvbga brz-css-bwmge brz-wrapper\">\n<div class=\"brz-spacer brz-css-pevhh brz-css-mvdvy\"><\/div>\n<\/div>\n<div class=\"brz-wrapper-clone brz-css-upqxc\">\n<div class=\"brz-d-xs-flex brz-flex-xs-wrap brz-css-dtqut brz-css-fnoix\">\n<div class=\"brz-wrapper-clone__item brz-css-slars brz-css-mqtut\" id=\"wjkdlgkmtvnvovauxhyjwngmeipunefxytqg\"><a class=\"brz-a brz-btn brz-css-tlfsr brz-css-dhjxq\" href=\"mailto:info@awt-betonwerk.de \" data-brz-link-type=\"external\" data-custom-id=\"wjkdlgkmtvnvovauxhyjwngmeipunefxytqg\"><svg id=\"nc_icon\" version=\"1.1\" xmlns=\"http:\/\/www.w3.org\/2000\/svg\" xmlns:xlink=\"http:\/\/www.w3.org\/1999\/xlink\" x=\"0px\" y=\"0px\" viewbox=\"0 0 24 24\" xml:space=\"preserve\" class=\"brz-icon-svg brz-css-ahdup brz-css-zuvji\" data-type=\"outline\" data-name=\"newsletter\"><g transform=\"translate(0, 0)\" class=\"nc-icon-wrapper\" fill=\"none\"><polygon data-stroke=\"none\" fill=\"none\" points=\"1,11 5,8.1 5,13.182 \" \/> <polygon data-stroke=\"none\" fill=\"none\" points=\"23,11 19,8.1 19,13.182 \" \/> <polyline data-cap=\"butt\" fill=\"none\" stroke=\"currentColor\" vector-effect=\"non-scaling-stroke\" stroke-miterlimit=\"10\" points=\"5,8.1 1,11 1,23 23,23 23,11 19,8.1 \" stroke-linecap=\"butt\" stroke-linejoin=\"miter\" \/> <polyline data-cap=\"butt\" fill=\"none\" stroke=\"currentColor\" vector-effect=\"non-scaling-stroke\" stroke-miterlimit=\"10\" points=\"5,13.2 5,1 19,1 19,13.2 \" stroke-linecap=\"butt\" stroke-linejoin=\"miter\" \/> <line data-cap=\"butt\" fill=\"none\" stroke=\"currentColor\" vector-effect=\"non-scaling-stroke\" stroke-miterlimit=\"10\" x1=\"1\" y1=\"11\" x2=\"23\" y2=\"23\" stroke-linecap=\"butt\" stroke-linejoin=\"miter\" \/> <line data-cap=\"butt\" fill=\"none\" stroke=\"currentColor\" vector-effect=\"non-scaling-stroke\" stroke-miterlimit=\"10\" x1=\"23\" y1=\"11\" x2=\"12\" y2=\"17\" stroke-linecap=\"butt\" stroke-linejoin=\"miter\" \/> <line data-color=\"color-2\" fill=\"none\" stroke=\"currentColor\" vector-effect=\"non-scaling-stroke\" stroke-linecap=\"square\" stroke-miterlimit=\"10\" x1=\"9\" y1=\"6\" x2=\"15\" y2=\"6\" stroke-linejoin=\"miter\" \/> <line data-color=\"color-2\" fill=\"none\" stroke=\"currentColor\" vector-effect=\"non-scaling-stroke\" stroke-linecap=\"square\" stroke-miterlimit=\"10\" x1=\"9\" y1=\"10\" x2=\"15\" y2=\"10\" stroke-linejoin=\"miter\" \/><\/g><\/svg><span class=\"brz-span brz-text__editor\">info@awt-betonwerk.de <\/span><\/a><\/div>\n<\/div>\n<\/div>\n<div class=\"brz-css-tvbga brz-css-bwmge brz-wrapper\">\n<div class=\"brz-spacer brz-css-pevhh brz-css-hzvrr\"><\/div>\n<\/div>\n<div class=\"brz-css-tvbga brz-css-bwmge brz-wrapper\">\n<div class=\"brz-spacer brz-css-pevhh brz-css-jylcl\"><\/div>\n<\/div>\n<\/div>\n<\/div>\n<\/div>\n<\/div>\n<\/div>\n<\/div>\n<\/section>\n<\/div>\n<p><!-- version:1643376897 --><\/p>\n","protected":false},"excerpt":{"rendered":"<p>Fugenlose Schachtbauwerke Fugenlose Schachtbauwerke sind monolithisch nach DIN EN 1917 \/ DIN V 4034-1, Typ2 hergestellte Schachtunterteile, die als einfache Beh\u00e4lter oder Pumpensch\u00e4chte genutzt werden k\u00f6nnen. Sie k\u00f6nnen in verschiedenen H\u00f6hen und Durchmessern gefertigt werden. Beh\u00e4lter Unsere Betonbeh\u00e4lter werden individuell angefertigt und finden vielf\u00e4ltige Einsatzm\u00f6glichkeiten, beispielsweise als Brunnen-, Sammel-, oder Sickerschacht. Je nach Bedarf und &hellip; <\/p>\n<p class=\"link-more\"><a href=\"https:\/\/awt-betonwerk.de\/?page_id=3929\" class=\"more-link\"><span class=\"screen-reader-text\">\u201eFugenlose Schachtbauwerke\u201c<\/span> weiterlesen<\/a><\/p>\n","protected":false},"author":1,"featured_media":0,"parent":0,"menu_order":0,"comment_status":"closed","ping_status":"closed","template":"brizy-blank-template.php","meta":{"inline_featured_image":false},"_links":{"self":[{"href":"https:\/\/awt-betonwerk.de\/index.php?rest_route=\/wp\/v2\/pages\/3929"}],"collection":[{"href":"https:\/\/awt-betonwerk.de\/index.php?rest_route=\/wp\/v2\/pages"}],"about":[{"href":"https:\/\/awt-betonwerk.de\/index.php?rest_route=\/wp\/v2\/types\/page"}],"author":[{"embeddable":true,"href":"https:\/\/awt-betonwerk.de\/index.php?rest_route=\/wp\/v2\/users\/1"}],"replies":[{"embeddable":true,"href":"https:\/\/awt-betonwerk.de\/index.php?rest_route=%2Fwp%2Fv2%2Fcomments&post=3929"}],"version-history":[{"count":17,"href":"https:\/\/awt-betonwerk.de\/index.php?rest_route=\/wp\/v2\/pages\/3929\/revisions"}],"predecessor-version":[{"id":5612,"href":"https:\/\/awt-betonwerk.de\/index.php?rest_route=\/wp\/v2\/pages\/3929\/revisions\/5612"}],"wp:attachment":[{"href":"https:\/\/awt-betonwerk.de\/index.php?rest_route=%2Fwp%2Fv2%2Fmedia&parent=3929"}],"curies":[{"name":"wp","href":"https:\/\/api.w.org\/{rel}","templated":true}]}}