{"id":3973,"date":"2021-02-04T22:38:59","date_gmt":"2021-02-04T21:38:59","guid":{"rendered":"http:\/\/awt-betonwerk.de\/wp_1\/?page_id=3973"},"modified":"2021-12-16T09:11:45","modified_gmt":"2021-12-16T08:11:45","slug":"sonderbauwerke","status":"publish","type":"page","link":"https:\/\/awt-betonwerk.de\/?page_id=3973","title":{"rendered":"Sonderbauwerke"},"content":{"rendered":"<div class=\"brz-root__container brz-reset-all\">\n<section data-uid=\"jpagdhiocebguokeojkiotnrlfpjmzqehkpx\" id=\"jpagdhiocebguokeojkiotnrlfpjmzqehkpx\" class=\"brz-section brz-css-jgjst\">\n<div class=\"brz-section__content brz-section--boxed brz-css-pqfhs brz-css-tscpe\" data-custom-id=\"duzphcsseglgjpakfkawzjidllomocnqlcrj\">\n<div class=\"brz-container brz-css-fnuox\">\n<div class=\"brz-css-cxzva brz-wrapper\">\n<div class=\"brz-rich-text brz-css-sjcgg\" data-custom-id=\"xswdsznohdsfoavbplltdqvfpsniszgvwvdt\">\n<div>\n<p class=\"brz-css-rpwxe\"><span class=\"brz-cp-color1\">Sonderbauwerke<\/span><\/p>\n<\/div>\n<\/div>\n<\/div>\n<div class=\"brz-css-cxzva brz-css-kscsv brz-wrapper\">\n<div class=\"brz-line brz-css-tphmj brz-css-pdaxq\" data-custom-id=\"ybjnsaamsqggkscozdcpniiqfunjukzklcwh\">\n<hr class=\"brz-hr\" \/><\/div>\n<\/div>\n<\/div>\n<\/div>\n<\/section>\n<section data-uid=\"bzduxvvihqrqtrushggigrgdcfhrjxlahygi\" id=\"bzduxvvihqrqtrushggigrgdcfhrjxlahygi\" class=\"brz-section brz-css-jgjst\">\n<div class=\"brz-section__content brz-section--boxed brz-css-pqfhs brz-css-vxjnk\" data-custom-id=\"qmxgltomqmxrlcsepsdyhfdxrohlqtnnxhmk\">\n<div class=\"brz-container brz-css-fnuox\">\n<div class=\"brz-css-cxzva brz-css-gktck brz-wrapper\">\n<div class=\"brz-rich-text brz-css-sjcgg\" data-custom-id=\"jvwpyxfyarvdfaeqvyseddggmslsihjtqssm\">\n<div>\n<p class=\"brz-css-dlxvr\"><span class=\"brz-cp-color2\">Als Sonderbauwerke fertigen wir auf Kundenwunsch individuelle Bauwerke f\u00fcr den Tief- oder Hochbau, die je nach Einsatzart und Funktion in verschiedenen Formen und mit Sonderzubeh\u00f6r angeboten werden k\u00f6nnen und damit den jeweiligen Erfordernissen entsprechen. <\/span><\/p>\n<\/div>\n<\/div>\n<\/div>\n<div class=\"brz-css-cxzva brz-css-kicls brz-wrapper\">\n<div class=\"brz-rich-text brz-css-sjcgg\" data-custom-id=\"hziueywadymdteuaolnkhmlludikgfggupnf\">\n<div>\n<ul>\n<li class=\"brz-css-npspf\"><span class=\"brz-cp-color2\">Besondere Schachtbauwerke in runder und eckiger Bauweise nach DIN EN 206-1 und DIN 1045-2, mit Sonderzubeh\u00f6r, z.B.:<\/span><\/li>\n<\/ul>\n<\/div>\n<\/div>\n<\/div>\n<div class=\"brz-css-cxzva brz-css-jhfmy brz-wrapper\">\n<div class=\"brz-rich-text brz-css-sjcgg\" data-custom-id=\"ajzuwqcgfykmtrjnodgmlfgerjltakhpbcrh\">\n<div>\n<ul>\n<li class=\"brz-css-twaty\"><span class=\"brz-cp-color2\">Gr\u00f6\u00dfer Nennweiten<\/span><\/li>\n<li class=\"brz-css-lkjlf\"><span class=\"brz-cp-color2\">Eingebaute Trennwand<\/span><\/li>\n<li class=\"brz-css-ugqkz\"><span class=\"brz-cp-color2\">Eingebaute \u00dcberlaufschwelle<\/span><\/li>\n<li class=\"brz-css-dcwwd\"><span class=\"brz-cp-color2\">Technische Ausr\u00fcstungen wie Schieber Messeinrichtungen, R\u00fcckstausysteme, Filter, Podeste, Energievernichtung, Be- und Entl\u00fcftungen, Sondersteig- und Absturzeinrichtungen, Kontroll- und Sichtfenster, usw.<\/span><\/li>\n<li class=\"brz-css-ftwjo\"><span class=\"brz-cp-color2\">Einbau besonderer Anschlussmuffen<\/span><\/li>\n<li class=\"brz-css-luaux\"><span class=\"brz-cp-color2\">Einbau von Gerinnen <\/span><\/li>\n<\/ul>\n<\/div>\n<\/div>\n<\/div>\n<div class=\"brz-css-cxzva brz-css-virny brz-wrapper\">\n<div class=\"brz-rich-text brz-css-sjcgg\" data-custom-id=\"kqumlempvtxzwiwbvriwlbhuiwwrnsjsoyxc\">\n<div>\n<ul>\n<li class=\"brz-css-qepvt\"><span class=\"brz-cp-color2\">Ein und Auslaufbauwerke<\/span><\/li>\n<li class=\"brz-css-uuzrc\"><span class=\"brz-cp-color2\">Kabelsch\u00e4chte<\/span><\/li>\n<li class=\"brz-css-mgpwn\"><span class=\"brz-cp-color2\">Mastfundamente<\/span><\/li>\n<li class=\"brz-css-mcscl\"><span class=\"brz-cp-color2\">Litfa\u00dfs\u00e4ulen<\/span><\/li>\n<\/ul>\n<\/div>\n<\/div>\n<\/div>\n<\/div>\n<\/div>\n<\/section>\n<section data-uid=\"qsbgumzxwcgeqpbsopvuxokslovlqpfxlwlo\" id=\"qsbgumzxwcgeqpbsopvuxokslovlqpfxlwlo\" class=\"brz-section brz-css-jgjst brz-css-rxkgi\">\n<div class=\"brz-section__content brz-section--boxed brz-css-pqfhs brz-css-qlopk\" data-custom-id=\"lzofnbrqviedrhexlovjrywytwgumqccwzrl\">\n<div class=\"brz-container brz-css-fnuox\">\n<div class=\"brz-css-cxzva brz-css-pvmsj brz-wrapper\">\n<div class=\"brz-image__gallery\" data-custom-id=\"pgkbjcamyemtdlavddgariilbecqrdlhysvy\">\n<div class=\"brz-image__gallery-wrapper brz-d-xs-flex brz-flex-xs-wrap brz-image__gallery-lightbox brz-css-qobpl brz-css-hldtp\">\n<div class=\"brz-image__gallery-item\">\n<div class=\"brz-image brz-css-wawvj\"><a class=\"brz-a\" href=\"https:\/\/awt-betonwerk.de\/wp_1\/wp-content\/uploads\/brizy\/3973\/assets\/images\/iW=5000&#038;iH=any\/Gasflaschenlager_Sonderbauwerk.jpg\" data-brz-link-type=\"lightBox\" data-custom-id=\"kjkbvsgrsriaelhzgtdjecstnxadlgfnmvrp\"><picture class=\"brz-picture brz-d-block brz-p-relative brz-css-djhrd\"><source srcset=\"https:\/\/awt-betonwerk.de\/wp_1\/wp-content\/uploads\/brizy\/3973\/assets\/images\/iW=377&#038;iH=589&#038;oX=0&#038;oY=112&#038;cW=377&#038;cH=365\/Gasflaschenlager_Sonderbauwerk.jpg 1x, https:\/\/awt-betonwerk.de\/wp_1\/wp-content\/uploads\/brizy\/3973\/assets\/images\/iW=754&#038;iH=1178&#038;oX=0&#038;oY=224&#038;cW=754&#038;cH=730\/Gasflaschenlager_Sonderbauwerk.jpg 2x\" media=\"(min-width: 992px)\" \/><source srcset=\"https:\/\/awt-betonwerk.de\/wp_1\/wp-content\/uploads\/brizy\/3973\/assets\/images\/iW=249&#038;iH=389&#038;oX=0&#038;oY=49&#038;cW=249&#038;cH=292\/Gasflaschenlager_Sonderbauwerk.jpg 1x, https:\/\/awt-betonwerk.de\/?brizy_media=wp-92efc9df02190524f6d2c1c209dd283d.jpg&#038;brizy_crop=iW%3D498%26iH%3D778%26oX%3D0%26oY%3D98%26cW%3D498%26cH%3D584&#038;brizy_post=3973 2x\" media=\"(min-width: 768px)\" \/><img class=\"brz-img brz-p-absolute\" srcset=\"https:\/\/awt-betonwerk.de\/wp_1\/wp-content\/uploads\/brizy\/3973\/assets\/images\/iW=415&#038;iH=649&#038;oX=0&#038;oY=123&#038;cW=415&#038;cH=402\/Gasflaschenlager_Sonderbauwerk.jpg 1x, https:\/\/awt-betonwerk.de\/wp_1\/wp-content\/uploads\/brizy\/3973\/assets\/images\/iW=830&#038;iH=1298&#038;oX=0&#038;oY=246&#038;cW=830&#038;cH=804\/Gasflaschenlager_Sonderbauwerk.jpg 2x\" src=\"https:\/\/awt-betonwerk.de\/wp_1\/wp-content\/uploads\/brizy\/3973\/assets\/images\/iW=377&#038;iH=589&#038;oX=0&#038;oY=112&#038;cW=377&#038;cH=365\/Gasflaschenlager_Sonderbauwerk.jpg\" alt=\"\" draggable=\"false\" loading=\"lazy\" \/><\/picture><\/a><\/div>\n<\/div>\n<div class=\"brz-image__gallery-item\">\n<div class=\"brz-image brz-css-pamrh\"><a class=\"brz-a\" href=\"https:\/\/awt-betonwerk.de\/wp_1\/wp-content\/uploads\/brizy\/3973\/assets\/images\/iW=5000&#038;iH=any\/Sonderbauwerk_Bodenplatte.jpg\" data-brz-link-type=\"lightBox\" data-custom-id=\"fmlgcbnvgtjgxqgsqsakobtajqqamrmslfww\"><picture class=\"brz-picture brz-d-block brz-p-relative brz-css-ncrwz\"><source srcset=\"https:\/\/awt-betonwerk.de\/wp_1\/wp-content\/uploads\/brizy\/3973\/assets\/images\/iW=761&#038;iH=365&#038;oX=192&#038;oY=0&#038;cW=377&#038;cH=365\/Sonderbauwerk_Bodenplatte.jpg 1x, https:\/\/awt-betonwerk.de\/wp_1\/wp-content\/uploads\/brizy\/3973\/assets\/images\/iW=1522&#038;iH=730&#038;oX=384&#038;oY=0&#038;cW=754&#038;cH=730\/Sonderbauwerk_Bodenplatte.jpg 2x\" media=\"(min-width: 992px)\" \/><source srcset=\"https:\/\/awt-betonwerk.de\/wp_1\/wp-content\/uploads\/brizy\/3973\/assets\/images\/iW=610&#038;iH=293&#038;oX=181&#038;oY=0&#038;cW=249&#038;cH=293\/Sonderbauwerk_Bodenplatte.jpg 1x, https:\/\/awt-betonwerk.de\/?brizy_media=wp-ca6f46c2dc8f0521f6df17a140dee818.jpg&#038;brizy_crop=iW%3D1220%26iH%3D586%26oX%3D362%26oY%3D0%26cW%3D498%26cH%3D586&#038;brizy_post=3973 2x\" media=\"(min-width: 768px)\" \/><img class=\"brz-img brz-p-absolute\" srcset=\"https:\/\/awt-betonwerk.de\/wp_1\/wp-content\/uploads\/brizy\/3973\/assets\/images\/iW=838&#038;iH=402&#038;oX=212&#038;oY=0&#038;cW=415&#038;cH=402\/Sonderbauwerk_Bodenplatte.jpg 1x, https:\/\/awt-betonwerk.de\/wp_1\/wp-content\/uploads\/brizy\/3973\/assets\/images\/iW=1676&#038;iH=804&#038;oX=424&#038;oY=0&#038;cW=830&#038;cH=804\/Sonderbauwerk_Bodenplatte.jpg 2x\" src=\"https:\/\/awt-betonwerk.de\/wp_1\/wp-content\/uploads\/brizy\/3973\/assets\/images\/iW=761&#038;iH=365&#038;oX=192&#038;oY=0&#038;cW=377&#038;cH=365\/Sonderbauwerk_Bodenplatte.jpg\" alt=\"\" draggable=\"false\" loading=\"lazy\" \/><\/picture><\/a><\/div>\n<\/div>\n<div class=\"brz-image__gallery-item\">\n<div class=\"brz-image brz-css-nosyr\"><a class=\"brz-a\" href=\"https:\/\/awt-betonwerk.de\/wp_1\/wp-content\/uploads\/brizy\/3973\/assets\/images\/iW=5000&#038;iH=any\/Sonderbauwerk.jpg\" data-brz-link-type=\"lightBox\" data-custom-id=\"qqrdoxkdzwocnnseufvpbotwdabmuxrxiwlx\"><picture class=\"brz-picture brz-d-block brz-p-relative brz-css-szwsh\"><source srcset=\"https:\/\/awt-betonwerk.de\/wp_1\/wp-content\/uploads\/brizy\/3973\/assets\/images\/iW=377&#038;iH=512&#038;oX=0&#038;oY=74&#038;cW=377&#038;cH=364\/Sonderbauwerk.jpg 1x, https:\/\/awt-betonwerk.de\/wp_1\/wp-content\/uploads\/brizy\/3973\/assets\/images\/iW=754&#038;iH=1024&#038;oX=0&#038;oY=148&#038;cW=754&#038;cH=728\/Sonderbauwerk.jpg 2x\" media=\"(min-width: 992px)\" \/><source srcset=\"https:\/\/awt-betonwerk.de\/wp_1\/wp-content\/uploads\/brizy\/3973\/assets\/images\/iW=249&#038;iH=339&#038;oX=0&#038;oY=24&#038;cW=249&#038;cH=291\/Sonderbauwerk.jpg 1x, https:\/\/awt-betonwerk.de\/?brizy_media=wp-2c70bb66a85f1f25e91778c74162a2fd.jpg&#038;brizy_crop=iW%3D498%26iH%3D678%26oX%3D0%26oY%3D48%26cW%3D498%26cH%3D582&#038;brizy_post=3973 2x\" media=\"(min-width: 768px)\" \/><img class=\"brz-img brz-p-absolute\" srcset=\"https:\/\/awt-betonwerk.de\/wp_1\/wp-content\/uploads\/brizy\/3973\/assets\/images\/iW=415&#038;iH=564&#038;oX=0&#038;oY=82&#038;cW=415&#038;cH=401\/Sonderbauwerk.jpg 1x, https:\/\/awt-betonwerk.de\/wp_1\/wp-content\/uploads\/brizy\/3973\/assets\/images\/iW=830&#038;iH=1128&#038;oX=0&#038;oY=164&#038;cW=830&#038;cH=802\/Sonderbauwerk.jpg 2x\" src=\"https:\/\/awt-betonwerk.de\/wp_1\/wp-content\/uploads\/brizy\/3973\/assets\/images\/iW=377&#038;iH=512&#038;oX=0&#038;oY=74&#038;cW=377&#038;cH=364\/Sonderbauwerk.jpg\" alt=\"\" draggable=\"false\" loading=\"lazy\" \/><\/picture><\/a><\/div>\n<\/div>\n<\/div>\n<\/div>\n<\/div>\n<\/div>\n<\/div>\n<\/section>\n<section data-uid=\"wlbgibnaldmdksnjfnsjjgiaaswqccshrhwn\" id=\"wlbgibnaldmdksnjfnsjjgiaaswqccshrhwn\" class=\"brz-section brz-css-jgjst\">\n<div class=\"brz-section__content brz-section--boxed brz-css-pqfhs brz-css-ntope\" data-custom-id=\"ptlmkmqnmlglbbzfkmnwqlwgosqhmktlpyky\">\n<div class=\"brz-bg\">\n<div class=\"brz-bg-color\"><\/div>\n<\/div>\n<div class=\"brz-container brz-css-fnuox brz-css-ssdld\">\n<div class=\"brz-css-cxzva brz-css-nwdxj brz-wrapper\">\n<div class=\"brz-rich-text brz-css-sjcgg\" data-custom-id=\"tifduacqkprzepbucacmndgwjssnseksenok\">\n<div>\n<h2 class=\"brz-css-vtiur\"><span class=\"brz-cp-color1\">F\u00fcr zus\u00e4tzliche Informationen oder Beratung stehen wir Ihnen gern zur Verf\u00fcgung.<\/span><\/h2>\n<\/div>\n<\/div>\n<\/div>\n<div class=\"brz-css-cxzva brz-css-ylcwk brz-wrapper\">\n<div class=\"brz-spacer brz-css-hicav brz-css-lpztx\"><\/div>\n<\/div>\n<div class=\"brz-row__container brz-css-ulkrx\" data-custom-id=\"uiqvblyxnggwnzzgydxoumrwrjczsvnzasbo\">\n<div class=\"brz-row brz-css-jifxj brz-css-cnkeo\">\n<div class=\"brz-columns brz-css-mfhox brz-css-vfcfx\" data-custom-id=\"sgbisuwputkmjfecunkkowwhyhnsegsnutrj\">\n<div class=\"brz-bg\"><\/div>\n<div class=\"brz-column__items brz-css-sdifr brz-css-oiomj\">\n<div class=\"brz-css-cxzva brz-css-ylcwk brz-wrapper\">\n<div class=\"brz-spacer brz-css-hicav brz-css-hjans\"><\/div>\n<\/div>\n<div class=\"brz-wrapper-clone brz-css-csczf\">\n<div class=\"brz-d-xs-flex brz-flex-xs-wrap brz-css-rlymk brz-css-eaywv\">\n<div class=\"brz-wrapper-clone__item brz-css-nccyg brz-css-ocatr\" id=\"winoryjnouulbmmvnnplsbpnxnuvnxbiuhmo\"><a class=\"brz-a brz-btn brz-css-uimno brz-css-edcoo\" href=\"tel:+493637397820\" data-brz-link-type=\"external\" data-custom-id=\"winoryjnouulbmmvnnplsbpnxnuvnxbiuhmo\"><svg id=\"nc_icon\" version=\"1.1\" xmlns=\"http:\/\/www.w3.org\/2000\/svg\" xmlns:xlink=\"http:\/\/www.w3.org\/1999\/xlink\" x=\"0px\" y=\"0px\" viewbox=\"0 0 24 24\" xml:space=\"preserve\" class=\"brz-icon-svg brz-css-jvemz brz-css-qvztk\" data-type=\"outline\" data-name=\"phone-call\"><g transform=\"translate(0, 0)\" class=\"nc-icon-wrapper\" fill=\"none\"><path fill=\"none\" stroke=\"currentColor\" vector-effect=\"non-scaling-stroke\" stroke-linecap=\"square\" stroke-miterlimit=\"10\" d=\"M17,15l-3,3l-8-8l3-3L4,2 L1,5c0,9.941,8.059,18,18,18l3-3L17,15z\" stroke-linejoin=\"miter\" \/> <path data-color=\"color-2\" fill=\"none\" stroke=\"currentColor\" vector-effect=\"non-scaling-stroke\" stroke-linecap=\"square\" stroke-miterlimit=\"10\" d=\"M14,1 c4.971,0,9,4.029,9,9\" stroke-linejoin=\"miter\" \/> <path data-color=\"color-2\" fill=\"none\" stroke=\"currentColor\" vector-effect=\"non-scaling-stroke\" stroke-linecap=\"square\" stroke-miterlimit=\"10\" d=\"M14,5 c2.761,0,5,2.239,5,5\" stroke-linejoin=\"miter\" \/><\/g><\/svg><span class=\"brz-span brz-text__editor\">03 63 73 \u00b7 978-20<\/span><\/a><\/div>\n<\/div>\n<\/div>\n<div class=\"brz-css-cxzva brz-css-ylcwk brz-wrapper\">\n<div class=\"brz-spacer brz-css-hicav brz-css-gpwcl\"><\/div>\n<\/div>\n<div class=\"brz-css-cxzva brz-css-ylcwk brz-wrapper\">\n<div class=\"brz-spacer brz-css-hicav brz-css-jbsxo\"><\/div>\n<\/div>\n<\/div>\n<\/div>\n<div class=\"brz-columns brz-css-mfhox\" data-custom-id=\"igcftmlwrisonwwceoedolldhkmqmszxufwl\">\n<div class=\"brz-column__items brz-css-sdifr brz-css-vaqkh\">\n<div class=\"brz-css-cxzva brz-css-ylcwk brz-wrapper\">\n<div class=\"brz-spacer brz-css-hicav brz-css-gwpqn\"><\/div>\n<\/div>\n<div class=\"brz-wrapper-clone brz-css-csczf\">\n<div class=\"brz-d-xs-flex brz-flex-xs-wrap brz-css-rlymk brz-css-lujqc\">\n<div class=\"brz-wrapper-clone__item brz-css-nccyg brz-css-fsdwz\" id=\"wjkdlgkmtvnvovauxhyjwngmeipunefxytqg\"><a class=\"brz-a brz-btn brz-css-uimno brz-css-pqgjy\" href=\"mailto:info@awt-betonwerk.de \" data-brz-link-type=\"external\" data-custom-id=\"wjkdlgkmtvnvovauxhyjwngmeipunefxytqg\"><svg id=\"nc_icon\" version=\"1.1\" xmlns=\"http:\/\/www.w3.org\/2000\/svg\" xmlns:xlink=\"http:\/\/www.w3.org\/1999\/xlink\" x=\"0px\" y=\"0px\" viewbox=\"0 0 24 24\" xml:space=\"preserve\" class=\"brz-icon-svg brz-css-jvemz brz-css-xkfud\" data-type=\"outline\" data-name=\"newsletter\"><g transform=\"translate(0, 0)\" class=\"nc-icon-wrapper\" fill=\"none\"><polygon data-stroke=\"none\" fill=\"none\" points=\"1,11 5,8.1 5,13.182 \" \/> <polygon data-stroke=\"none\" fill=\"none\" points=\"23,11 19,8.1 19,13.182 \" \/> <polyline data-cap=\"butt\" fill=\"none\" stroke=\"currentColor\" vector-effect=\"non-scaling-stroke\" stroke-miterlimit=\"10\" points=\"5,8.1 1,11 1,23 23,23 23,11 19,8.1 \" stroke-linecap=\"butt\" stroke-linejoin=\"miter\" \/> <polyline data-cap=\"butt\" fill=\"none\" stroke=\"currentColor\" vector-effect=\"non-scaling-stroke\" stroke-miterlimit=\"10\" points=\"5,13.2 5,1 19,1 19,13.2 \" stroke-linecap=\"butt\" stroke-linejoin=\"miter\" \/> <line data-cap=\"butt\" fill=\"none\" stroke=\"currentColor\" vector-effect=\"non-scaling-stroke\" stroke-miterlimit=\"10\" x1=\"1\" y1=\"11\" x2=\"23\" y2=\"23\" stroke-linecap=\"butt\" stroke-linejoin=\"miter\" \/> <line data-cap=\"butt\" fill=\"none\" stroke=\"currentColor\" vector-effect=\"non-scaling-stroke\" stroke-miterlimit=\"10\" x1=\"23\" y1=\"11\" x2=\"12\" y2=\"17\" stroke-linecap=\"butt\" stroke-linejoin=\"miter\" \/> <line data-color=\"color-2\" fill=\"none\" stroke=\"currentColor\" vector-effect=\"non-scaling-stroke\" stroke-linecap=\"square\" stroke-miterlimit=\"10\" x1=\"9\" y1=\"6\" x2=\"15\" y2=\"6\" stroke-linejoin=\"miter\" \/> <line data-color=\"color-2\" fill=\"none\" stroke=\"currentColor\" vector-effect=\"non-scaling-stroke\" stroke-linecap=\"square\" stroke-miterlimit=\"10\" x1=\"9\" y1=\"10\" x2=\"15\" y2=\"10\" stroke-linejoin=\"miter\" \/><\/g><\/svg><span class=\"brz-span brz-text__editor\">info@awt-betonwerk.de <\/span><\/a><\/div>\n<\/div>\n<\/div>\n<div class=\"brz-css-cxzva brz-css-ylcwk brz-wrapper\">\n<div class=\"brz-spacer brz-css-hicav brz-css-kdeba\"><\/div>\n<\/div>\n<div class=\"brz-css-cxzva brz-css-ylcwk brz-wrapper\">\n<div class=\"brz-spacer brz-css-hicav brz-css-ttmgc\"><\/div>\n<\/div>\n<\/div>\n<\/div>\n<\/div>\n<\/div>\n<\/div>\n<\/div>\n<\/section>\n<\/div>\n<p><!-- version:1643393172 --><\/p>\n","protected":false},"excerpt":{"rendered":"<p>Sonderbauwerke Als Sonderbauwerke fertigen wir auf Kundenwunsch individuelle Bauwerke f\u00fcr den Tief- oder Hochbau, die je nach Einsatzart und Funktion in verschiedenen Formen und mit Sonderzubeh\u00f6r angeboten werden k\u00f6nnen und damit den jeweiligen Erfordernissen entsprechen. Besondere Schachtbauwerke in runder und eckiger Bauweise nach DIN EN 206-1 und DIN 1045-2, mit Sonderzubeh\u00f6r, z.B.: Gr\u00f6\u00dfer Nennweiten Eingebaute &hellip; <\/p>\n<p class=\"link-more\"><a href=\"https:\/\/awt-betonwerk.de\/?page_id=3973\" class=\"more-link\"><span class=\"screen-reader-text\">\u201eSonderbauwerke\u201c<\/span> weiterlesen<\/a><\/p>\n","protected":false},"author":1,"featured_media":0,"parent":0,"menu_order":0,"comment_status":"closed","ping_status":"closed","template":"brizy-blank-template.php","meta":{"inline_featured_image":false},"_links":{"self":[{"href":"https:\/\/awt-betonwerk.de\/index.php?rest_route=\/wp\/v2\/pages\/3973"}],"collection":[{"href":"https:\/\/awt-betonwerk.de\/index.php?rest_route=\/wp\/v2\/pages"}],"about":[{"href":"https:\/\/awt-betonwerk.de\/index.php?rest_route=\/wp\/v2\/types\/page"}],"author":[{"embeddable":true,"href":"https:\/\/awt-betonwerk.de\/index.php?rest_route=\/wp\/v2\/users\/1"}],"replies":[{"embeddable":true,"href":"https:\/\/awt-betonwerk.de\/index.php?rest_route=%2Fwp%2Fv2%2Fcomments&post=3973"}],"version-history":[{"count":8,"href":"https:\/\/awt-betonwerk.de\/index.php?rest_route=\/wp\/v2\/pages\/3973\/revisions"}],"predecessor-version":[{"id":5261,"href":"https:\/\/awt-betonwerk.de\/index.php?rest_route=\/wp\/v2\/pages\/3973\/revisions\/5261"}],"wp:attachment":[{"href":"https:\/\/awt-betonwerk.de\/index.php?rest_route=%2Fwp%2Fv2%2Fmedia&parent=3973"}],"curies":[{"name":"wp","href":"https:\/\/api.w.org\/{rel}","templated":true}]}}